{"id":6877,"date":"2021-01-13T18:09:58","date_gmt":"2021-01-13T18:09:58","guid":{"rendered":"http:\/\/odem.hu\/odem-hu\/"},"modified":"2021-05-24T18:44:16","modified_gmt":"2021-05-24T18:44:16","slug":"odem-hu","status":"publish","type":"page","link":"http:\/\/odem.hu\/en\/odem-hu\/","title":{"rendered":"odem.hu"},"content":{"rendered":"<section class=\"l-section wpb_row us_custom_d44d8758 height_full valign_center has_text_color with_slider with_overlay\"><div class=\"l-section-slider\"><div class=\"w-slider style_none fit_cover\"><div class=\"w-slider-h\"><div class=\"royalSlider\"><div class=\"rsContent\"><a class=\"rsImg\" data-rsw=\"2560\" data-rsh=\"1709\" href=\"http:\/\/odem.hu\/wp-content\/uploads\/2020\/10\/PBL_9434-scaled.jpg\"><span data-alt=\"\"><\/span><\/a><\/div><div class=\"rsContent\"><a class=\"rsImg\" data-rsw=\"1280\" data-rsh=\"855\" href=\"http:\/\/odem.hu\/wp-content\/uploads\/2020\/10\/PBL_9594.jpeg\"><span data-alt=\"\"><\/span><\/a><\/div><div class=\"rsContent\"><a class=\"rsImg\" data-rsw=\"2560\" data-rsh=\"1709\" href=\"http:\/\/odem.hu\/wp-content\/uploads\/2020\/10\/PBL_9733-scaled.jpg\"><span data-alt=\"\"><\/span><\/a><\/div><div class=\"rsContent\"><a class=\"rsImg\" data-rsw=\"2560\" data-rsh=\"1709\" href=\"http:\/\/odem.hu\/wp-content\/uploads\/2020\/10\/PBL_9773-scaled.jpg\"><span data-alt=\"\"><\/span><\/a><\/div><\/div><img class=\"lazy lazy-hidden\" src=\"data:image\/svg+xml,%3Csvg xmlns=%22http:\/\/www.w3.org\/2000\/svg%22 viewBox=%220 0 2560 1709%22%3E%3C\/svg%3E\" data-lazy-type=\"image\" data-src=\"http:\/\/odem.hu\/wp-content\/uploads\/2020\/10\/PBL_9434-scaled.jpg\" width=\"2560\" height=\"1709\" alt><\/div><div class=\"w-slider-json\" onclick='return {&quot;loop&quot;:true,&quot;fadeInLoadedSlide&quot;:false,&quot;slidesSpacing&quot;:0,&quot;imageScalePadding&quot;:0,&quot;numImagesToPreload&quot;:2,&quot;arrowsNav&quot;:false,&quot;arrowsNavAutoHide&quot;:false,&quot;transitionType&quot;:&quot;fade&quot;,&quot;transitionSpeed&quot;:1000,&quot;block&quot;:{&quot;moveEffect&quot;:&quot;none&quot;,&quot;speed&quot;:300},&quot;controlNavigation&quot;:&quot;none&quot;,&quot;autoplay&quot;:{&quot;enabled&quot;:true,&quot;pauseOnHover&quot;:false,&quot;delay&quot;:3000},&quot;imageScaleMode&quot;:&quot;fill&quot;,&quot;autoScaleSlider&quot;:true,&quot;autoScaleSliderWidth&quot;:2560,&quot;autoScaleSliderHeight&quot;:1709,&quot;fitInViewport&quot;:false}'><\/div><\/div><\/div><div class=\"l-section-overlay\" style=\"background: rgba(51,51,51,0.70)\"><\/div><div class=\"l-section-h i-cf\"><div class=\"g-cols vc_row type_default valign_middle\"><div class=\"vc_col-sm-12 wpb_column vc_column_container has_text_color\"><div class=\"vc_column-inner us_custom_6df4bc3a\"><div class=\"wpb_wrapper\"><div class=\"wpb_text_column us_custom_6a2dcc1c has_text_color\" ><div class=\"wpb_wrapper\"><h2 style=\"text-align: right;\"><strong>&#8220;Impossible is nothing.\u201d<\/strong><\/h2>\n<h4 style=\"text-align: right;\">People of different professions in the world<\/h4>\n<\/div><\/div><\/div><\/div><\/div><\/div><\/div><\/section><section class=\"l-section wpb_row height_custom\" id=\"logisztika\"><div class=\"l-section-h i-cf\"><div class=\"g-cols vc_row type_default valign_middle gap-10px\"><style>.g-cols.gap-10px{margin:0 calc(-1.5rem - 10px)}.gap-10px > .vc_column_container {padding:10px}<\/style><div class=\"vc_col-sm-6 wpb_column vc_column_container animate_afb\"><div class=\"vc_column-inner\"><div class=\"wpb_wrapper\"><div class=\"wpb_text_column\" ><div class=\"wpb_wrapper\"><h2><strong>Logistics<br \/>\n<\/strong><\/h2>\n<p>Years of diligence have provided an opportunity to learn about the diversity of transportation from multiple perspectives. We try to represent our partners with the most optimal solution possible with our experience gained from being on the customer, planning and then service provider side.<\/p>\n<p>We are available for heavy machinery transport, delivery and installation of tools and equipment, rental and operation of sprinkler and broom vehicles, car rescue, planning and implementation of complete logistics and provide adequate staff.<\/p>\n<\/div><\/div><div class=\"w-separator size_medium\"><\/div><div class=\"w-btn-wrapper width_auto align_left\"><a class=\"w-btn us-btn-style_1 us_custom_1e0e9307\" href=\"http:\/\/odem.hu\/logisztika\/\"><span class=\"w-btn-label\">OUR MACHNIERY<\/span><\/a><\/div><\/div><\/div><\/div><div class=\"vc_col-sm-6 wpb_column vc_column_container animate_afb\" style=\"animation-delay:0.2s;\"><div class=\"vc_column-inner us_custom_7c314053\"><div class=\"wpb_wrapper\"><div class=\"w-image style_shadow-1 align_center\"><div class=\"w-image-h\"><img width=\"600\" height=\"400\" src=\"data:image\/svg+xml,%3Csvg xmlns=%22http:\/\/www.w3.org\/2000\/svg%22 viewBox=%220 0 600 400%22%3E%3C\/svg%3E\" data-lazy-type=\"image\" data-src=\"http:\/\/odem.hu\/wp-content\/uploads\/2020\/09\/PBL_9438-600x400.jpg\" class=\"lazy lazy-hidden attachment-us_600_400_crop size-us_600_400_crop\" alt=\"\" loading=\"lazy\" srcset=\"\" data-srcset=\"http:\/\/odem.hu\/wp-content\/uploads\/2020\/09\/PBL_9438-600x400.jpg 600w, http:\/\/odem.hu\/wp-content\/uploads\/2020\/09\/PBL_9438-300x200.jpg 300w, http:\/\/odem.hu\/wp-content\/uploads\/2020\/09\/PBL_9438-1024x684.jpg 1024w, http:\/\/odem.hu\/wp-content\/uploads\/2020\/09\/PBL_9438-1536x1025.jpg 1536w\" sizes=\"(max-width: 600px) 100vw, 600px\" \/><\/div><\/div><\/div><\/div><\/div><\/div><\/div><\/section><section class=\"l-section wpb_row height_custom\" id=\"nehezgepek\"><div class=\"l-section-h i-cf\"><div class=\"g-cols vc_row type_default valign_middle reversed gap-10px\"><style>.g-cols.gap-10px{margin:0 calc(-1.5rem - 10px)}.gap-10px > .vc_column_container {padding:10px}<\/style><div class=\"vc_col-sm-6 wpb_column vc_column_container animate_afb\"><div class=\"vc_column-inner\"><div class=\"wpb_wrapper\"><div class=\"w-image style_shadow-1 align_center\"><div class=\"w-image-h\"><img width=\"512\" height=\"384\" src=\"data:image\/svg+xml,%3Csvg xmlns=%22http:\/\/www.w3.org\/2000\/svg%22 viewBox=%220 0 512 384%22%3E%3C\/svg%3E\" data-lazy-type=\"image\" data-src=\"http:\/\/odem.hu\/wp-content\/uploads\/2020\/10\/unnamed.jpg\" class=\"lazy lazy-hidden attachment-us_600_400_crop size-us_600_400_crop\" alt=\"\" loading=\"lazy\" srcset=\"\" data-srcset=\"http:\/\/odem.hu\/wp-content\/uploads\/2020\/10\/unnamed.jpg 512w, http:\/\/odem.hu\/wp-content\/uploads\/2020\/10\/unnamed-300x225.jpg 300w\" sizes=\"(max-width: 512px) 100vw, 512px\" \/><\/div><\/div><\/div><\/div><\/div><div class=\"vc_col-sm-6 wpb_column vc_column_container animate_afb\" style=\"animation-delay:0.2s;\"><div class=\"vc_column-inner us_custom_7c314053\"><div class=\"wpb_wrapper\"><div class=\"wpb_text_column\" ><div class=\"wpb_wrapper\"><h2><strong>Machinery<\/strong><\/h2>\n<p>Szolg\u00e1ltat\u00e1saink k\u00f6z\u00e9 tartozik neh\u00e9zg\u00e9pek b\u00e9rbead\u00e1sa \u00e9s kezel\u00e9se is.<\/p>\n<p>Munkat\u00e1rsaink t\u00f6bbek k\u00f6z\u00f6tt az al\u00e1bbi g\u00e9pek \u00fczemeltet\u00e9s\u00e9hez rendelkeznek szakk\u00e9pes\u00edt\u00e9ssel: g\u00e9pj\u00e1rm\u0171 emel\u0151h\u00e1tfalak, hidraulikus rakod\u00f3k (homlok-, forg\u00f3-, teleszk\u00f3pos), vezet\u0151\u00fcl\u00e9ses targonc\u00e1k, j\u00e1rm\u0171re szerelt daruk, mobil szerel\u0151\u00e1llv\u00e1nyok \u00e9s szerel\u0151kosarak.<\/p>\n<\/div><\/div><div class=\"w-separator size_medium\"><\/div><div class=\"w-btn-wrapper width_auto align_left\"><a class=\"w-btn us-btn-style_1 us_custom_1e0e9307\" href=\"http:\/\/odem.hu\/nehezgepek\/\" title=\"Neh\u00e9zg\u00e9pek\"><span class=\"w-btn-label\">NEH\u00c9ZG\u00c9PEK MEGTEKINT\u00c9SE<\/span><\/a><\/div><\/div><\/div><\/div><\/div><\/div><\/section><section class=\"l-section wpb_row height_custom\" id=\"hutesfutes\"><div class=\"l-section-h i-cf\"><div class=\"g-cols vc_row type_default valign_middle gap-10px\"><style>.g-cols.gap-10px{margin:0 calc(-1.5rem - 10px)}.gap-10px > .vc_column_container {padding:10px}<\/style><div class=\"vc_col-sm-6 wpb_column vc_column_container animate_afb\"><div class=\"vc_column-inner\"><div class=\"wpb_wrapper\"><div class=\"wpb_text_column\" ><div class=\"wpb_wrapper\"><h2><strong>HVAC<br \/>\n<\/strong><\/h2>\n<p>We have chosen our tools to be available at any time of the day, 365 days a year. We can provide a solution for cooling and heating temporary tents, large industrial halls, under construction or fixed buildings.<\/p>\n<\/div><\/div><div class=\"w-separator size_medium\"><\/div><div class=\"w-btn-wrapper width_auto align_left\"><a class=\"w-btn us-btn-style_1 us_custom_1e0e9307\" href=\"http:\/\/odem.hu\/hutes-futes\/\"><span class=\"w-btn-label\">ESZK\u00d6Z\u00d6K MEGTEKINT\u00c9SE<\/span><\/a><\/div><\/div><\/div><\/div><div class=\"vc_col-sm-6 wpb_column vc_column_container animate_afb\" style=\"animation-delay:0.2s;\"><div class=\"vc_column-inner us_custom_7c314053\"><div class=\"wpb_wrapper\"><div class=\"w-image style_shadow-1 align_center\"><div class=\"w-image-h\"><img width=\"600\" height=\"400\" src=\"data:image\/svg+xml,%3Csvg xmlns=%22http:\/\/www.w3.org\/2000\/svg%22 viewBox=%220 0 600 400%22%3E%3C\/svg%3E\" data-lazy-type=\"image\" data-src=\"http:\/\/odem.hu\/wp-content\/uploads\/2020\/09\/PBL_9751-600x400.jpg\" class=\"lazy lazy-hidden attachment-us_600_400_crop size-us_600_400_crop\" alt=\"\" loading=\"lazy\" srcset=\"\" data-srcset=\"http:\/\/odem.hu\/wp-content\/uploads\/2020\/09\/PBL_9751-600x400.jpg 600w, http:\/\/odem.hu\/wp-content\/uploads\/2020\/09\/PBL_9751-300x200.jpg 300w, http:\/\/odem.hu\/wp-content\/uploads\/2020\/09\/PBL_9751-1024x684.jpg 1024w, http:\/\/odem.hu\/wp-content\/uploads\/2020\/09\/PBL_9751-1536x1025.jpg 1536w\" sizes=\"(max-width: 600px) 100vw, 600px\" \/><\/div><\/div><\/div><\/div><\/div><\/div><\/div><\/section><section class=\"l-section wpb_row height_custom\" id=\"keritesberles\"><div class=\"l-section-h i-cf\"><div class=\"g-cols vc_row type_default valign_middle reversed gap-10px\"><style>.g-cols.gap-10px{margin:0 calc(-1.5rem - 10px)}.gap-10px > .vc_column_container {padding:10px}<\/style><div class=\"vc_col-sm-6 wpb_column vc_column_container animate_afb\"><div class=\"vc_column-inner\"><div class=\"wpb_wrapper\"><div class=\"w-image style_shadow-1 align_center\"><div class=\"w-image-h\"><img width=\"600\" height=\"400\" src=\"data:image\/svg+xml,%3Csvg xmlns=%22http:\/\/www.w3.org\/2000\/svg%22 viewBox=%220 0 600 400%22%3E%3C\/svg%3E\" data-lazy-type=\"image\" data-src=\"http:\/\/odem.hu\/wp-content\/uploads\/2020\/09\/PBL_9713-600x400.jpg\" class=\"lazy lazy-hidden attachment-us_600_400_crop size-us_600_400_crop\" alt=\"\" loading=\"lazy\" srcset=\"\" data-srcset=\"http:\/\/odem.hu\/wp-content\/uploads\/2020\/09\/PBL_9713-600x400.jpg 600w, http:\/\/odem.hu\/wp-content\/uploads\/2020\/09\/PBL_9713-300x200.jpg 300w, http:\/\/odem.hu\/wp-content\/uploads\/2020\/09\/PBL_9713-1024x684.jpg 1024w, http:\/\/odem.hu\/wp-content\/uploads\/2020\/09\/PBL_9713-1536x1025.jpg 1536w\" sizes=\"(max-width: 600px) 100vw, 600px\" \/><\/div><\/div><\/div><\/div><\/div><div class=\"vc_col-sm-6 wpb_column vc_column_container animate_afb\" style=\"animation-delay:0.2s;\"><div class=\"vc_column-inner us_custom_7c314053\"><div class=\"wpb_wrapper\"><div class=\"wpb_text_column\" ><div class=\"wpb_wrapper\"><h2><strong>Ker\u00edt\u00e9s b\u00e9rl\u00e9s<br \/>\n<\/strong><\/h2>\n<p>C\u00e9g\u00fcnk v\u00e1llalja mobilker\u00edt\u00e9sek \u00e9s kordonok b\u00e9rbead\u00e1s\u00e1t, valamint az ehhez sz\u00fcks\u00e9ges eszk\u00f6z\u00f6k \u00e9s kieg\u00e9sz\u00edt\u0151k biztos\u00edt\u00e1s\u00e1t helysz\u00ednre t\u00f6rt\u00e9n\u0151 sz\u00e1ll\u00edt\u00e1ssal \u00e9s telep\u00edt\u00e9ssel is.<\/p>\n<\/div><\/div><div class=\"w-separator size_medium\"><\/div><div class=\"w-btn-wrapper width_auto align_left\"><a class=\"w-btn us-btn-style_1 us_custom_1e0e9307\" href=\"http:\/\/odem.hu\/kapcsolat\/\" title=\"Contact\"><span class=\"w-btn-label\">REQUEST OFFER<\/span><\/a><\/div><\/div><\/div><\/div><\/div><\/div><\/section><section class=\"l-section wpb_row height_custom\" id=\"tanacsadas\"><div class=\"l-section-h i-cf\"><div class=\"g-cols vc_row type_default valign_middle gap-10px\"><style>.g-cols.gap-10px{margin:0 calc(-1.5rem - 10px)}.gap-10px > .vc_column_container {padding:10px}<\/style><div class=\"vc_col-sm-6 wpb_column vc_column_container animate_afb\"><div class=\"vc_column-inner\"><div class=\"wpb_wrapper\"><div class=\"wpb_text_column\" ><div class=\"wpb_wrapper\"><h2><strong>Szaktan\u00e1csad\u00e1s<\/strong><\/h2>\n<\/div><\/div><div class=\"w-separator size_medium\"><\/div><div class=\"w-btn-wrapper width_auto align_left\"><a class=\"w-btn us-btn-style_1 us_custom_1e0e9307\" href=\"http:\/\/odem.hu\/kapcsolat\/\" title=\"Contact\"><span class=\"w-btn-label\">P\u00c1LY\u00c1ZATI K\u00d6ZREM\u0170K\u00d6D\u00c9S<\/span><\/a><\/div><div class=\"w-separator size_medium\"><\/div><div class=\"w-btn-wrapper width_auto align_left\"><a class=\"w-btn us-btn-style_1 us_custom_1e0e9307\" href=\"http:\/\/www.medoevent.hu\" title=\"Contact\"><span class=\"w-btn-label\">R\u00c9SZFELADATOK FEL\u00dcGYELETE<\/span><\/a><\/div><\/div><\/div><\/div><div class=\"vc_col-sm-6 wpb_column vc_column_container animate_afb\" style=\"animation-delay:0.2s;\"><div class=\"vc_column-inner us_custom_7c314053\"><div class=\"wpb_wrapper\"><div class=\"w-image style_shadow-1 align_center\"><div class=\"w-image-h\"><img width=\"600\" height=\"400\" src=\"data:image\/svg+xml,%3Csvg xmlns=%22http:\/\/www.w3.org\/2000\/svg%22 viewBox=%220 0 600 400%22%3E%3C\/svg%3E\" data-lazy-type=\"image\" data-src=\"http:\/\/odem.hu\/wp-content\/uploads\/2020\/09\/2019-Jegkorong-VB-Csehorszag-600x400.jpg\" class=\"lazy lazy-hidden attachment-us_600_400_crop size-us_600_400_crop\" alt=\"\" loading=\"lazy\" \/><\/div><\/div><\/div><\/div><\/div><\/div><\/div><\/section>\n","protected":false},"excerpt":{"rendered":"&#8220;Impossible is nothing.\u201d People of different professions in the world Logistics Years of diligence have provided an opportunity to learn about the diversity of transportation from multiple perspectives. We try to represent our partners with the most optimal solution possible with our experience gained from being on the customer, planning and then service provider side....","protected":false},"author":1,"featured_media":0,"parent":0,"menu_order":0,"comment_status":"closed","ping_status":"closed","template":"","meta":[],"yoast_head":"<!-- This site is optimized with the Yoast SEO plugin v16.3 - https:\/\/yoast.com\/wordpress\/plugins\/seo\/ -->\n<title>odem.hu - MEDO I ODEM<\/title>\n<meta name=\"description\" content=\"ENG Neh\u00e9zg\u00e9psz\u00e1ll\u00edt\u00e1s, eszk\u00f6z\u00f6k \u00e9s berendez\u00e9sek kisz\u00e1ll\u00edt\u00e1sa \u00e9s telep\u00edt\u00e9se, locsol\u00f3s \u00e9s sepr\u0171s g\u00e9pj\u00e1rm\u0171vek b\u00e9rbead\u00e1sa \u00e9s \u00fczemeltet\u00e9se, aut\u00f3ment\u00e9s, teljes k\u00f6r\u0171 logisztika megtervez\u00e9se \u00e9s kivitelez\u00e9se, megfelel\u0151 szakszem\u00e9lyzet biztos\u00edt\u00e1sa. #nehezgepek #logisztika #tervezes #kivitelezes\" \/>\n<meta name=\"robots\" content=\"index, follow, max-snippet:-1, max-image-preview:large, max-video-preview:-1\" \/>\n<link rel=\"canonical\" href=\"http:\/\/odem.hu\/en\/odem\/\" \/>\n<meta property=\"og:locale\" content=\"en_US\" \/>\n<meta property=\"og:type\" content=\"article\" \/>\n<meta property=\"og:title\" content=\"odem.hu - MEDO I ODEM\" \/>\n<meta property=\"og:description\" content=\"ENG Neh\u00e9zg\u00e9psz\u00e1ll\u00edt\u00e1s, eszk\u00f6z\u00f6k \u00e9s berendez\u00e9sek kisz\u00e1ll\u00edt\u00e1sa \u00e9s telep\u00edt\u00e9se, locsol\u00f3s \u00e9s sepr\u0171s g\u00e9pj\u00e1rm\u0171vek b\u00e9rbead\u00e1sa \u00e9s \u00fczemeltet\u00e9se, aut\u00f3ment\u00e9s, teljes k\u00f6r\u0171 logisztika megtervez\u00e9se \u00e9s kivitelez\u00e9se, megfelel\u0151 szakszem\u00e9lyzet biztos\u00edt\u00e1sa. #nehezgepek #logisztika #tervezes #kivitelezes\" \/>\n<meta property=\"og:url\" content=\"http:\/\/odem.hu\/odem\/\" \/>\n<meta property=\"og:site_name\" content=\"MEDO I ODEM\" \/>\n<meta property=\"article:modified_time\" content=\"2021-05-24T18:44:16+00:00\" \/>\n<meta name=\"twitter:card\" content=\"summary_large_image\" \/>\n<meta name=\"twitter:label1\" content=\"Est. reading time\">\n\t<meta name=\"twitter:data1\" content=\"4 minutes\">\n<script type=\"application\/ld+json\" class=\"yoast-schema-graph\">{\"@context\":\"https:\/\/schema.org\",\"@graph\":[{\"@type\":\"Organization\",\"@id\":\"http:\/\/odem.hu\/#organization\",\"name\":\"Odem Hungary Kft.\",\"url\":\"http:\/\/odem.hu\/\",\"sameAs\":[],\"logo\":{\"@type\":\"ImageObject\",\"@id\":\"http:\/\/odem.hu\/#logo\",\"inLanguage\":\"en-US\",\"url\":\"http:\/\/medoevent.hu\/wp-content\/uploads\/2020\/09\/web_logo_white-e1600887683197.png\",\"contentUrl\":\"http:\/\/medoevent.hu\/wp-content\/uploads\/2020\/09\/web_logo_white-e1600887683197.png\",\"width\":580,\"height\":274,\"caption\":\"Odem Hungary Kft.\"},\"image\":{\"@id\":\"http:\/\/odem.hu\/#logo\"}},{\"@type\":\"WebSite\",\"@id\":\"http:\/\/odem.hu\/#website\",\"url\":\"http:\/\/odem.hu\/\",\"name\":\"MEDO I ODEM\",\"description\":\"EVENT &amp; SERVICES\",\"publisher\":{\"@id\":\"http:\/\/odem.hu\/#organization\"},\"potentialAction\":[{\"@type\":\"SearchAction\",\"target\":\"http:\/\/odem.hu\/?s={search_term_string}\",\"query-input\":\"required name=search_term_string\"}],\"inLanguage\":\"en-US\"},{\"@type\":\"WebPage\",\"@id\":\"http:\/\/odem.hu\/odem\/#webpage\",\"url\":\"http:\/\/odem.hu\/odem\/\",\"name\":\"odem.hu - MEDO I ODEM\",\"isPartOf\":{\"@id\":\"http:\/\/odem.hu\/#website\"},\"datePublished\":\"2021-01-13T18:09:58+00:00\",\"dateModified\":\"2021-05-24T18:44:16+00:00\",\"description\":\"ENG Neh\\u00e9zg\\u00e9psz\\u00e1ll\\u00edt\\u00e1s, eszk\\u00f6z\\u00f6k \\u00e9s berendez\\u00e9sek kisz\\u00e1ll\\u00edt\\u00e1sa \\u00e9s telep\\u00edt\\u00e9se, locsol\\u00f3s \\u00e9s sepr\\u0171s g\\u00e9pj\\u00e1rm\\u0171vek b\\u00e9rbead\\u00e1sa \\u00e9s \\u00fczemeltet\\u00e9se, aut\\u00f3ment\\u00e9s, teljes k\\u00f6r\\u0171 logisztika megtervez\\u00e9se \\u00e9s kivitelez\\u00e9se, megfelel\\u0151 szakszem\\u00e9lyzet biztos\\u00edt\\u00e1sa. #nehezgepek #logisztika #tervezes #kivitelezes\",\"breadcrumb\":{\"@id\":\"http:\/\/odem.hu\/odem\/#breadcrumb\"},\"inLanguage\":\"en-US\",\"potentialAction\":[{\"@type\":\"ReadAction\",\"target\":[\"http:\/\/odem.hu\/odem\/\"]}]},{\"@type\":\"BreadcrumbList\",\"@id\":\"http:\/\/odem.hu\/odem\/#breadcrumb\",\"itemListElement\":[{\"@type\":\"ListItem\",\"position\":1,\"item\":{\"@type\":\"WebPage\",\"@id\":\"http:\/\/odem.hu\/\",\"url\":\"http:\/\/odem.hu\/\",\"name\":\"Home\"}},{\"@type\":\"ListItem\",\"position\":2,\"item\":{\"@id\":\"http:\/\/odem.hu\/odem\/#webpage\"}}]}]}<\/script>\n<!-- \/ Yoast SEO plugin. -->","_links":{"self":[{"href":"http:\/\/odem.hu\/en\/wp-json\/wp\/v2\/pages\/6877"}],"collection":[{"href":"http:\/\/odem.hu\/en\/wp-json\/wp\/v2\/pages"}],"about":[{"href":"http:\/\/odem.hu\/en\/wp-json\/wp\/v2\/types\/page"}],"author":[{"embeddable":true,"href":"http:\/\/odem.hu\/en\/wp-json\/wp\/v2\/users\/1"}],"replies":[{"embeddable":true,"href":"http:\/\/odem.hu\/en\/wp-json\/wp\/v2\/comments?post=6877"}],"version-history":[{"count":22,"href":"http:\/\/odem.hu\/en\/wp-json\/wp\/v2\/pages\/6877\/revisions"}],"predecessor-version":[{"id":7000,"href":"http:\/\/odem.hu\/en\/wp-json\/wp\/v2\/pages\/6877\/revisions\/7000"}],"wp:attachment":[{"href":"http:\/\/odem.hu\/en\/wp-json\/wp\/v2\/media?parent=6877"}],"curies":[{"name":"wp","href":"https:\/\/api.w.org\/{rel}","templated":true}]}}